{"id":5427,"date":"2025-03-12T12:21:23","date_gmt":"2025-03-12T12:21:23","guid":{"rendered":"https:\/\/app.empowermigrantwomen.eu\/inscription-reussie"},"modified":"2025-12-30T08:50:54","modified_gmt":"2025-12-30T08:50:54","slug":"inscription-reussie","status":"publish","type":"page","link":"https:\/\/app.empowermigrantwomen.eu\/fr\/inscription-reussie","title":{"rendered":"Inscription r\u00e9ussie"},"content":{"rendered":"\t\t<div data-elementor-type=\"wp-page\" data-elementor-id=\"5427\" class=\"elementor elementor-5427 elementor-172\" data-elementor-post-type=\"page\">\n\t\t\t\t<div class=\"elementor-element elementor-element-568916d e-flex e-con-boxed e-con e-parent\" data-id=\"568916d\" data-element_type=\"container\" data-e-type=\"container\">\n\t\t\t\t\t<div class=\"e-con-inner\">\n\t\t\t\t<div class=\"elementor-element elementor-element-7dc1d82 elementor-widget__width-initial elementor-widget elementor-widget-text-editor\" data-id=\"7dc1d82\" data-element_type=\"widget\" data-e-type=\"widget\" data-widget_type=\"text-editor.default\">\n\t\t\t\t<div class=\"elementor-widget-container\">\n\t\t\t\t\t\t\t\t\t<p>Votre inscription a \u00e9t\u00e9 enregistr\u00e9e !<\/p>\t\t\t\t\t\t\t\t<\/div>\n\t\t\t\t<\/div>\n\t\t\t\t\t<\/div>\n\t\t\t\t<\/div>\n\t\t\t\t<\/div>\n\t\t","protected":false},"excerpt":{"rendered":"<p>Votre inscription a \u00e9t\u00e9 enregistr\u00e9e !<\/p>\n","protected":false},"author":1,"featured_media":0,"parent":0,"menu_order":0,"comment_status":"closed","ping_status":"closed","template":"elementor_header_footer","meta":{"_acf_changed":false,"footnotes":""},"class_list":["post-5427","page","type-page","status-publish","hentry"],"acf":[],"_links":{"self":[{"href":"https:\/\/app.empowermigrantwomen.eu\/fr\/wp-json\/wp\/v2\/pages\/5427","targetHints":{"allow":["GET"]}}],"collection":[{"href":"https:\/\/app.empowermigrantwomen.eu\/fr\/wp-json\/wp\/v2\/pages"}],"about":[{"href":"https:\/\/app.empowermigrantwomen.eu\/fr\/wp-json\/wp\/v2\/types\/page"}],"author":[{"embeddable":true,"href":"https:\/\/app.empowermigrantwomen.eu\/fr\/wp-json\/wp\/v2\/users\/1"}],"replies":[{"embeddable":true,"href":"https:\/\/app.empowermigrantwomen.eu\/fr\/wp-json\/wp\/v2\/comments?post=5427"}],"version-history":[{"count":1,"href":"https:\/\/app.empowermigrantwomen.eu\/fr\/wp-json\/wp\/v2\/pages\/5427\/revisions"}],"predecessor-version":[{"id":5428,"href":"https:\/\/app.empowermigrantwomen.eu\/fr\/wp-json\/wp\/v2\/pages\/5427\/revisions\/5428"}],"wp:attachment":[{"href":"https:\/\/app.empowermigrantwomen.eu\/fr\/wp-json\/wp\/v2\/media?parent=5427"}],"curies":[{"name":"wp","href":"https:\/\/api.w.org\/{rel}","templated":true}]}}